{"id":35,"date":"2017-07-14T10:09:03","date_gmt":"2017-07-14T10:09:03","guid":{"rendered":"http:\/\/new.helipistas.com\/?page_id=35"},"modified":"2017-07-14T10:27:09","modified_gmt":"2017-07-14T10:27:09","slug":"otros-servicios","status":"publish","type":"page","link":"https:\/\/www.helipistas.com\/en\/other-services\/","title":{"rendered":"Other services"},"content":{"rendered":"<p>Helipistas SL is a company that seeks excellence through innovation, creation and constant improvement of its products and services.<\/p>\n<p>On this page you will find other services that we offer to our clients:<\/p>\n<h3>Helicopter piloting course<\/h3>\n<p class=\"p1\"><span class=\"s1\">Helipistas SL carries out introductory piloting courses for individuals and companies during which the participant receives a theoretical piloting class to later take the controls of a helicopter for several minutes.<\/span><\/p>\n<p class=\"p1\"><span class=\"s1\">With this course you will feel the excitement of flying a helicopter and experience the sensation of flying like a bird.\u00a0<\/span><\/p>\n<p class=\"p1\"><span class=\"s1\">You will receive a diploma certified by Helipistas SL as you have piloted a <a href=\"http:\/\/www.helipistas.com\/en\/helicopters\/robinson-r22\/\">R22 helicopter<\/a>.<\/span><\/p>\n<p class=\"p1\"><span class=\"s1\"><b>Discover the incredible sensation of flying a helicopter!<\/b><\/span><\/p>\n<table class=\"tabla_fotos\">\n<tbody>\n<tr>\n<td><img loading=\"lazy\" decoding=\"async\" class=\"size-full wp-image-362 aligncenter\" src=\"http:\/\/www.helipistas.com\/wp-content\/uploads\/2015\/10\/otros_servicios_pilotar_helicoptero.png\" alt=\"pilot helicopter helipists\" width=\"525\" height=\"350\" title=\"\" srcset=\"https:\/\/www.helipistas.com\/wp-content\/uploads\/2015\/10\/otros_servicios_pilotar_helicoptero.png 525w, https:\/\/www.helipistas.com\/wp-content\/uploads\/2015\/10\/otros_servicios_pilotar_helicoptero-300x200.png 300w\" sizes=\"auto, (max-width: 525px) 100vw, 525px\" \/><\/td>\n<td><img loading=\"lazy\" decoding=\"async\" class=\"size-full wp-image-374 alignnone\" src=\"http:\/\/www.helipistas.com\/wp-content\/uploads\/2015\/10\/otros_servicios_pilotar_helicoptero1.png\" alt=\"pilot helicopter \" width=\"525\" height=\"350\" title=\"\" srcset=\"https:\/\/www.helipistas.com\/wp-content\/uploads\/2015\/10\/otros_servicios_pilotar_helicoptero1.png 525w, https:\/\/www.helipistas.com\/wp-content\/uploads\/2015\/10\/otros_servicios_pilotar_helicoptero1-300x200.png 300w\" sizes=\"auto, (max-width: 525px) 100vw, 525px\" \/><\/td>\n<\/tr>\n<\/tbody>\n<\/table>\n<h3>Helicopter Rental for Weddings<\/h3>\n<p class=\"p1\"><span class=\"s1\"><b>Arrive by helicopter to your wedding<\/b><\/span><\/p>\n<p class=\"p1\"><span class=\"s1\">Helipistas SL has been providing other services such as helicopter rental for weddings for more than 10 years.<\/span><\/p>\n<p class=\"p1\"><span class=\"s1\">We have extensive experience in transporting passengers by helicopter and we apply our best on such a special day for our clients.<\/span><\/p>\n<p class=\"p1\"><span class=\"s1\">We have 2 models of helicopters for weddings. One suitable for 3 passengers and the other for even 4 passengers plus pilot.<\/span><\/p>\n<p class=\"p1\"><span class=\"s1\">Such a special day must have special moments and we can assure you that arriving by helicopter to your wedding is something that you and your guests will remember forever. A magical moment, where the bride and groom are the protagonists.\u00a0<\/span><\/p>\n<p class=\"p1\"><span class=\"s1\"><b>A special transport on a special day<\/b><\/span><\/p>\n<table class=\"tabla_fotos\">\n<tbody>\n<tr>\n<td><img loading=\"lazy\" decoding=\"async\" class=\"size-full wp-image-352 aligncenter\" src=\"http:\/\/www.helipistas.com\/wp-content\/uploads\/2015\/10\/otros_servicios_bodas.png\" alt=\"wedding helicopter\" width=\"525\" height=\"350\" title=\"\" srcset=\"https:\/\/www.helipistas.com\/wp-content\/uploads\/2015\/10\/otros_servicios_bodas.png 525w, https:\/\/www.helipistas.com\/wp-content\/uploads\/2015\/10\/otros_servicios_bodas-300x200.png 300w\" sizes=\"auto, (max-width: 525px) 100vw, 525px\" \/><\/td>\n<td><img loading=\"lazy\" decoding=\"async\" class=\"size-full wp-image-380 alignnone\" src=\"http:\/\/www.helipistas.com\/wp-content\/uploads\/2015\/10\/otros_servicios_bodas1.png\" alt=\"helicopter wedding services\" width=\"525\" height=\"350\" title=\"\" srcset=\"https:\/\/www.helipistas.com\/wp-content\/uploads\/2015\/10\/otros_servicios_bodas1.png 525w, https:\/\/www.helipistas.com\/wp-content\/uploads\/2015\/10\/otros_servicios_bodas1-300x200.png 300w\" sizes=\"auto, (max-width: 525px) 100vw, 525px\" \/><\/td>\n<\/tr>\n<\/tbody>\n<\/table>","protected":false},"excerpt":{"rendered":"<p>Helipistas SL es una empresa que busca la excelencia a trav\u00e9s de la innovaci\u00f3n, la creaci\u00f3n y la mejora constante de sus productos y servicios. En esta p\u00e1gina encontrar\u00e1 otros servicios que ofrecemos a nuestros clientes: Curso de pilotaje de helic\u00f3pteros Helipistas SL realiza cursos de iniciaci\u00f3n de pilotaje para particulares y empresas durante los <a href=\"https:\/\/www.helipistas.com\/en\/other-services\/\" rel=\"nofollow\"><span class=\"sr-only\">Read more about Otros servicios<\/span>[\u2026]<\/a><\/p>","protected":false},"author":1,"featured_media":0,"parent":0,"menu_order":0,"comment_status":"closed","ping_status":"closed","template":"","meta":{"_joinchat":[],"footnotes":""},"class_list":["post-35","page","type-page","status-publish","hentry"],"_links":{"self":[{"href":"https:\/\/www.helipistas.com\/en\/wp-json\/wp\/v2\/pages\/35","targetHints":{"allow":["GET"]}}],"collection":[{"href":"https:\/\/www.helipistas.com\/en\/wp-json\/wp\/v2\/pages"}],"about":[{"href":"https:\/\/www.helipistas.com\/en\/wp-json\/wp\/v2\/types\/page"}],"author":[{"embeddable":true,"href":"https:\/\/www.helipistas.com\/en\/wp-json\/wp\/v2\/users\/1"}],"replies":[{"embeddable":true,"href":"https:\/\/www.helipistas.com\/en\/wp-json\/wp\/v2\/comments?post=35"}],"version-history":[{"count":16,"href":"https:\/\/www.helipistas.com\/en\/wp-json\/wp\/v2\/pages\/35\/revisions"}],"predecessor-version":[{"id":550,"href":"https:\/\/www.helipistas.com\/en\/wp-json\/wp\/v2\/pages\/35\/revisions\/550"}],"wp:attachment":[{"href":"https:\/\/www.helipistas.com\/en\/wp-json\/wp\/v2\/media?parent=35"}],"curies":[{"name":"wp","href":"https:\/\/api.w.org\/{rel}","templated":true}]}}